{"id":777,"date":"2022-09-28T18:28:22","date_gmt":"2022-09-28T15:28:22","guid":{"rendered":"https:\/\/dev.elamysgroup.com\/uutiset\/"},"modified":"2022-12-07T15:23:17","modified_gmt":"2022-12-07T13:23:17","slug":"news","status":"publish","type":"page","link":"https:\/\/elamysgroup.com\/en\/news\/","title":{"rendered":"News"},"content":{"rendered":"<div id=\"cs-content\" class=\"cs-content\"><\/div>\n","protected":false},"excerpt":{"rendered":"<p>LatestNews18\/02\/2025El\u00e4mys Group Named Official Sales Agent in Five Countries for Hospitality Sales at the Olympic Winter Games Milano Cortina 202628\/05\/2024El\u00e4mys Group restructures and appoints a new management team16\/05\/2024Sustainability08\/11\/2023(English) El\u00e4mys Group opens offices in Sweden and Norway08\/11\/2023(Swedish) Resef\u00f6retaget El\u00e4mys Group \u00f6ppnar kontor i Sverige och Norge17\/01\/2023El\u00e4mys Group selected by the official Hospitality provider On Location as an Official Sub-Distributor for Olympic &#8230; <\/p>\n<div><a href=\"https:\/\/elamysgroup.com\/en\/news\/\" class=\"more-link\">Read More<\/a><\/div>\n","protected":false},"author":28,"featured_media":563,"parent":0,"menu_order":0,"comment_status":"closed","ping_status":"closed","template":"template-blank-4.php","meta":[],"acf":[],"yoast_head":"<!-- This site is optimized with the Yoast SEO plugin v20.5 - https:\/\/yoast.com\/wordpress\/plugins\/seo\/ -->\n<title>News - El\u00e4mys Group<\/title>\n<meta name=\"description\" content=\"El\u00e4mys Group is a fast-growing new generation travel company. Read the latest news about El\u00e4mys Group.\" \/>\n<meta name=\"robots\" content=\"index, follow, max-snippet:-1, max-image-preview:large, max-video-preview:-1\" \/>\n<link rel=\"canonical\" href=\"https:\/\/elamysgroup.com\/en\/news\/\" \/>\n<meta property=\"og:locale\" content=\"en_US\" \/>\n<meta property=\"og:type\" content=\"article\" \/>\n<meta property=\"og:title\" content=\"News - El\u00e4mys Group\" \/>\n<meta property=\"og:description\" content=\"El\u00e4mys Group -konsernin uutiset ja ajankohtaisaiheet. Pysy ajan tasalla El\u00e4myksen uutisista ja tapahtumista!\" \/>\n<meta property=\"og:url\" content=\"https:\/\/elamysgroup.com\/en\/news\/\" \/>\n<meta property=\"og:site_name\" content=\"El\u00e4mys Group\" \/>\n<meta property=\"article:publisher\" content=\"https:\/\/www.facebook.com\/elamysgroup\" \/>\n<meta property=\"article:modified_time\" content=\"2022-12-07T13:23:17+00:00\" \/>\n<meta property=\"og:image\" content=\"https:\/\/elamys-group.imgix.net\/sites\/16\/elamys-group\/EG_2020-1_750x.png?auto=compress%2Cformat&ixlib=php-3.3.1&s=c2339b356f69d4ecac5ef4b216a30c9a\" \/>\n\t<meta property=\"og:image:width\" content=\"750\" \/>\n\t<meta property=\"og:image:height\" content=\"485\" \/>\n\t<meta property=\"og:image:type\" content=\"image\/png\" \/>\n<meta name=\"twitter:card\" content=\"summary_large_image\" \/>\n<meta name=\"twitter:title\" content=\"News - El\u00e4mys Group\" \/>\n<meta name=\"twitter:description\" content=\"El\u00e4mys Group -konsernin uutiset ja ajankohtaisaiheet. Pysy ajan tasalla El\u00e4myksen uutisista ja tapahtumista!\" \/>\n<meta name=\"twitter:image\" content=\"https:\/\/elamys-group.imgix.net\/sites\/16\/elamys-group\/EG_2020-1_750x.png?auto=compress%2Cformat&ixlib=php-3.3.1&s=c2339b356f69d4ecac5ef4b216a30c9a\" \/>\n<meta name=\"twitter:label1\" content=\"Est. reading time\" \/>\n\t<meta name=\"twitter:data1\" content=\"1 minute\" \/>\n<script type=\"application\/ld+json\" class=\"yoast-schema-graph\">{\"@context\":\"https:\/\/schema.org\",\"@graph\":[{\"@type\":\"WebPage\",\"@id\":\"https:\/\/elamysgroup.com\/en\/news\/\",\"url\":\"https:\/\/elamysgroup.com\/en\/news\/\",\"name\":\"News - El\u00e4mys Group\",\"isPartOf\":{\"@id\":\"https:\/\/elamysgroup.com\/en\/#website\"},\"datePublished\":\"2022-09-28T15:28:22+00:00\",\"dateModified\":\"2022-12-07T13:23:17+00:00\",\"description\":\"El\u00e4mys Group is a fast-growing new generation travel company. Read the latest news about El\u00e4mys Group.\",\"breadcrumb\":{\"@id\":\"https:\/\/elamysgroup.com\/en\/news\/#breadcrumb\"},\"inLanguage\":\"en-US\",\"potentialAction\":[{\"@type\":\"ReadAction\",\"target\":[\"https:\/\/elamysgroup.com\/en\/news\/\"]}]},{\"@type\":\"BreadcrumbList\",\"@id\":\"https:\/\/elamysgroup.com\/en\/news\/#breadcrumb\",\"itemListElement\":[{\"@type\":\"ListItem\",\"position\":1,\"name\":\"Home\",\"item\":\"https:\/\/elamysgroup.com\/en\/\"},{\"@type\":\"ListItem\",\"position\":2,\"name\":\"News\"}]},{\"@type\":\"WebSite\",\"@id\":\"https:\/\/elamysgroup.com\/en\/#website\",\"url\":\"https:\/\/elamysgroup.com\/en\/\",\"name\":\"El\u00e4mys Group\",\"description\":\"El\u00e4mys Group on suomalainen matkailukonserni\",\"publisher\":{\"@id\":\"https:\/\/elamysgroup.com\/en\/#organization\"},\"potentialAction\":[{\"@type\":\"SearchAction\",\"target\":{\"@type\":\"EntryPoint\",\"urlTemplate\":\"https:\/\/elamysgroup.com\/en\/?s={search_term_string}\"},\"query-input\":\"required name=search_term_string\"}],\"inLanguage\":\"en-US\"},{\"@type\":\"Organization\",\"@id\":\"https:\/\/elamysgroup.com\/en\/#organization\",\"name\":\"El\u00e4mys Group\",\"url\":\"https:\/\/elamysgroup.com\/en\/\",\"logo\":{\"@type\":\"ImageObject\",\"inLanguage\":\"en-US\",\"@id\":\"https:\/\/elamysgroup.com\/en\/#\/schema\/logo\/image\/\",\"url\":\"https:\/\/elamys-group.imgix.net\/sites\/16\/elamys-group\/elamys_group_circle_blue.png?auto=compress%2Cformat&ixlib=php-3.3.1&s=9438327aaa996e4456fdcb167803dedd\",\"contentUrl\":\"https:\/\/elamys-group.imgix.net\/sites\/16\/elamys-group\/elamys_group_circle_blue.png?auto=compress%2Cformat&ixlib=php-3.3.1&s=9438327aaa996e4456fdcb167803dedd\",\"width\":1006,\"height\":1012,\"caption\":\"El\u00e4mys Group\"},\"image\":{\"@id\":\"https:\/\/elamysgroup.com\/en\/#\/schema\/logo\/image\/\"},\"sameAs\":[\"https:\/\/www.facebook.com\/elamysgroup\"]}]}<\/script>\n<!-- \/ Yoast SEO plugin. -->","yoast_head_json":{"title":"News - El\u00e4mys Group","description":"El\u00e4mys Group is a fast-growing new generation travel company. Read the latest news about El\u00e4mys Group.","robots":{"index":"index","follow":"follow","max-snippet":"max-snippet:-1","max-image-preview":"max-image-preview:large","max-video-preview":"max-video-preview:-1"},"canonical":"https:\/\/elamysgroup.com\/en\/news\/","og_locale":"en_US","og_type":"article","og_title":"News - El\u00e4mys Group","og_description":"El\u00e4mys Group -konsernin uutiset ja ajankohtaisaiheet. Pysy ajan tasalla El\u00e4myksen uutisista ja tapahtumista!","og_url":"https:\/\/elamysgroup.com\/en\/news\/","og_site_name":"El\u00e4mys Group","article_publisher":"https:\/\/www.facebook.com\/elamysgroup","article_modified_time":"2022-12-07T13:23:17+00:00","og_image":[{"width":750,"height":485,"url":"https:\/\/elamys-group.imgix.net\/sites\/16\/elamys-group\/EG_2020-1_750x.png?auto=compress%2Cformat&ixlib=php-3.3.1&s=c2339b356f69d4ecac5ef4b216a30c9a","type":"image\/png"}],"twitter_card":"summary_large_image","twitter_title":"News - El\u00e4mys Group","twitter_description":"El\u00e4mys Group -konsernin uutiset ja ajankohtaisaiheet. Pysy ajan tasalla El\u00e4myksen uutisista ja tapahtumista!","twitter_image":"https:\/\/elamys-group.imgix.net\/sites\/16\/elamys-group\/EG_2020-1_750x.png?auto=compress%2Cformat&ixlib=php-3.3.1&s=c2339b356f69d4ecac5ef4b216a30c9a","twitter_misc":{"Est. reading time":"1 minute"},"schema":{"@context":"https:\/\/schema.org","@graph":[{"@type":"WebPage","@id":"https:\/\/elamysgroup.com\/en\/news\/","url":"https:\/\/elamysgroup.com\/en\/news\/","name":"News - El\u00e4mys Group","isPartOf":{"@id":"https:\/\/elamysgroup.com\/en\/#website"},"datePublished":"2022-09-28T15:28:22+00:00","dateModified":"2022-12-07T13:23:17+00:00","description":"El\u00e4mys Group is a fast-growing new generation travel company. Read the latest news about El\u00e4mys Group.","breadcrumb":{"@id":"https:\/\/elamysgroup.com\/en\/news\/#breadcrumb"},"inLanguage":"en-US","potentialAction":[{"@type":"ReadAction","target":["https:\/\/elamysgroup.com\/en\/news\/"]}]},{"@type":"BreadcrumbList","@id":"https:\/\/elamysgroup.com\/en\/news\/#breadcrumb","itemListElement":[{"@type":"ListItem","position":1,"name":"Home","item":"https:\/\/elamysgroup.com\/en\/"},{"@type":"ListItem","position":2,"name":"News"}]},{"@type":"WebSite","@id":"https:\/\/elamysgroup.com\/en\/#website","url":"https:\/\/elamysgroup.com\/en\/","name":"El\u00e4mys Group","description":"El\u00e4mys Group on suomalainen matkailukonserni","publisher":{"@id":"https:\/\/elamysgroup.com\/en\/#organization"},"potentialAction":[{"@type":"SearchAction","target":{"@type":"EntryPoint","urlTemplate":"https:\/\/elamysgroup.com\/en\/?s={search_term_string}"},"query-input":"required name=search_term_string"}],"inLanguage":"en-US"},{"@type":"Organization","@id":"https:\/\/elamysgroup.com\/en\/#organization","name":"El\u00e4mys Group","url":"https:\/\/elamysgroup.com\/en\/","logo":{"@type":"ImageObject","inLanguage":"en-US","@id":"https:\/\/elamysgroup.com\/en\/#\/schema\/logo\/image\/","url":"https:\/\/elamys-group.imgix.net\/sites\/16\/elamys-group\/elamys_group_circle_blue.png?auto=compress%2Cformat&ixlib=php-3.3.1&s=9438327aaa996e4456fdcb167803dedd","contentUrl":"https:\/\/elamys-group.imgix.net\/sites\/16\/elamys-group\/elamys_group_circle_blue.png?auto=compress%2Cformat&ixlib=php-3.3.1&s=9438327aaa996e4456fdcb167803dedd","width":1006,"height":1012,"caption":"El\u00e4mys Group"},"image":{"@id":"https:\/\/elamysgroup.com\/en\/#\/schema\/logo\/image\/"},"sameAs":["https:\/\/www.facebook.com\/elamysgroup"]}]}},"_links":{"self":[{"href":"https:\/\/elamysgroup.com\/en\/wp-json\/wp\/v2\/pages\/777"}],"collection":[{"href":"https:\/\/elamysgroup.com\/en\/wp-json\/wp\/v2\/pages"}],"about":[{"href":"https:\/\/elamysgroup.com\/en\/wp-json\/wp\/v2\/types\/page"}],"author":[{"embeddable":true,"href":"https:\/\/elamysgroup.com\/en\/wp-json\/wp\/v2\/users\/28"}],"replies":[{"embeddable":true,"href":"https:\/\/elamysgroup.com\/en\/wp-json\/wp\/v2\/comments?post=777"}],"version-history":[{"count":5,"href":"https:\/\/elamysgroup.com\/en\/wp-json\/wp\/v2\/pages\/777\/revisions"}],"predecessor-version":[{"id":1456,"href":"https:\/\/elamysgroup.com\/en\/wp-json\/wp\/v2\/pages\/777\/revisions\/1456"}],"wp:featuredmedia":[{"embeddable":true,"href":"https:\/\/elamysgroup.com\/en\/wp-json\/wp\/v2\/media\/563"}],"wp:attachment":[{"href":"https:\/\/elamysgroup.com\/en\/wp-json\/wp\/v2\/media?parent=777"}],"curies":[{"name":"wp","href":"https:\/\/api.w.org\/{rel}","templated":true}]}}