{"id":7361,"date":"2025-03-25T08:11:40","date_gmt":"2025-03-25T06:11:40","guid":{"rendered":"https:\/\/elamysgroup.com\/etusivu-new\/"},"modified":"2025-08-12T17:45:31","modified_gmt":"2025-08-12T14:45:31","slug":"etusivu","status":"publish","type":"page","link":"https:\/\/elamysgroup.com\/en\/","title":{"rendered":"Etusivu"},"content":{"rendered":"<div id=\"cs-content\" class=\"cs-content\"><\/div>\n","protected":false},"excerpt":{"rendered":"<p>Olympic Games Paris 2024El\u00e4mys TechEl\u00e4mys SuomiOK-MatkatMatka-AgentitEl\u00e4mys CruisesEl\u00e4mys DMCEl\u00e4mys SportEl\u00e4mysmatkatMenestys El\u00e4mys GroupTrusted Brands. Smart Solutions. Experienced People. El\u00e4mys Group is a leading Finnish travel company with two strong business lines: Tour Operators and Business &amp; Events. We bring together Finland\u2019s most trusted travel brands and cutting-edge services to serve both consumers and corporate clients. Whether you&#8217;re planning a relaxing holiday, a &#8230; <\/p>\n<div><a href=\"https:\/\/elamysgroup.com\/en\/\" class=\"more-link\">Read More<\/a><\/div>\n","protected":false},"author":1,"featured_media":749,"parent":0,"menu_order":0,"comment_status":"closed","ping_status":"closed","template":"template-blank-4.php","meta":[],"acf":[],"yoast_head":"<!-- This site is optimized with the Yoast SEO plugin v20.5 - https:\/\/yoast.com\/wordpress\/plugins\/seo\/ -->\n<title>El\u00e4mys Group<\/title>\n<meta name=\"description\" content=\"El\u00e4mys Group on suomalainen uuden sukupolven matkailukonserni, joka palvelee usealla matkailun osa-alueella urheilu- ja aktiivimatkoista liikematkoihin ja tapahtumaj\u00e4rjest\u00e4miseen.\" \/>\n<meta name=\"robots\" content=\"index, follow, max-snippet:-1, max-image-preview:large, max-video-preview:-1\" \/>\n<link rel=\"canonical\" href=\"https:\/\/elamysgroup.com\/en\/\" \/>\n<meta property=\"og:locale\" content=\"en_US\" \/>\n<meta property=\"og:type\" content=\"article\" \/>\n<meta property=\"og:title\" content=\"El\u00e4mys Group\" \/>\n<meta property=\"og:description\" content=\"El\u00e4mys Group on suomalainen uuden sukupolven matkailukonserni, joka palvelee kuluttaja- ja yritysasiakkaita usealla matkailun osa-alueella urheilu- ja aktiivimatkoista liikematkoihin ja tapahtumaj\u00e4rjest\u00e4miseen.\" \/>\n<meta property=\"og:url\" content=\"https:\/\/elamysgroup.com\/en\/\" \/>\n<meta property=\"og:site_name\" content=\"El\u00e4mys Group\" \/>\n<meta property=\"article:publisher\" content=\"https:\/\/www.facebook.com\/elamysgroup\" \/>\n<meta property=\"article:modified_time\" content=\"2025-08-12T14:45:31+00:00\" \/>\n<meta property=\"og:image\" content=\"https:\/\/elamys-group.imgix.net\/sites\/16\/elamys-group\/Elamys_Group_750x.png?auto=compress%2Cformat&ixlib=php-3.3.1&s=bf794d4b93539543e3db8d47403d932c\" \/>\n\t<meta property=\"og:image:width\" content=\"750\" \/>\n\t<meta property=\"og:image:height\" content=\"393\" \/>\n\t<meta property=\"og:image:type\" content=\"image\/png\" \/>\n<meta name=\"twitter:card\" content=\"summary_large_image\" \/>\n<meta name=\"twitter:title\" content=\"El\u00e4mys Group\" \/>\n<meta name=\"twitter:description\" content=\"El\u00e4mys Group on suomalainen uuden sukupolven matkailukonserni, joka palvelee kuluttaja- ja yritysasiakkaita usealla matkailun osa-alueella urheilu- ja aktiivimatkoista liikematkoihin ja tapahtumaj\u00e4rjest\u00e4miseen.\" \/>\n<meta name=\"twitter:image\" content=\"https:\/\/elamys-group.imgix.net\/sites\/16\/elamys-group\/Elamys_Group_750x.png?auto=compress%2Cformat&ixlib=php-3.3.1&s=bf794d4b93539543e3db8d47403d932c\" \/>\n<meta name=\"twitter:label1\" content=\"Est. reading time\" \/>\n\t<meta name=\"twitter:data1\" content=\"9 minutes\" \/>\n<script type=\"application\/ld+json\" class=\"yoast-schema-graph\">{\"@context\":\"https:\/\/schema.org\",\"@graph\":[{\"@type\":\"WebPage\",\"@id\":\"https:\/\/elamysgroup.com\/en\/\",\"url\":\"https:\/\/elamysgroup.com\/en\/\",\"name\":\"El\u00e4mys Group\",\"isPartOf\":{\"@id\":\"https:\/\/elamysgroup.com\/en\/#website\"},\"datePublished\":\"2025-03-25T06:11:40+00:00\",\"dateModified\":\"2025-08-12T14:45:31+00:00\",\"description\":\"El\u00e4mys Group on suomalainen uuden sukupolven matkailukonserni, joka palvelee usealla matkailun osa-alueella urheilu- ja aktiivimatkoista liikematkoihin ja tapahtumaj\u00e4rjest\u00e4miseen.\",\"breadcrumb\":{\"@id\":\"https:\/\/elamysgroup.com\/en\/#breadcrumb\"},\"inLanguage\":\"en-US\",\"potentialAction\":[{\"@type\":\"ReadAction\",\"target\":[\"https:\/\/elamysgroup.com\/en\/\"]}]},{\"@type\":\"BreadcrumbList\",\"@id\":\"https:\/\/elamysgroup.com\/en\/#breadcrumb\",\"itemListElement\":[{\"@type\":\"ListItem\",\"position\":1,\"name\":\"Home\",\"item\":\"https:\/\/elamysgroup.com\/en\/\"},{\"@type\":\"ListItem\",\"position\":2,\"name\":\"Etusivu\"}]},{\"@type\":\"WebSite\",\"@id\":\"https:\/\/elamysgroup.com\/en\/#website\",\"url\":\"https:\/\/elamysgroup.com\/en\/\",\"name\":\"El\u00e4mys Group\",\"description\":\"El\u00e4mys Group on suomalainen matkailukonserni\",\"publisher\":{\"@id\":\"https:\/\/elamysgroup.com\/en\/#organization\"},\"potentialAction\":[{\"@type\":\"SearchAction\",\"target\":{\"@type\":\"EntryPoint\",\"urlTemplate\":\"https:\/\/elamysgroup.com\/en\/?s={search_term_string}\"},\"query-input\":\"required name=search_term_string\"}],\"inLanguage\":\"en-US\"},{\"@type\":\"Organization\",\"@id\":\"https:\/\/elamysgroup.com\/en\/#organization\",\"name\":\"El\u00e4mys Group\",\"url\":\"https:\/\/elamysgroup.com\/en\/\",\"logo\":{\"@type\":\"ImageObject\",\"inLanguage\":\"en-US\",\"@id\":\"https:\/\/elamysgroup.com\/en\/#\/schema\/logo\/image\/\",\"url\":\"https:\/\/elamys-group.imgix.net\/sites\/16\/elamys-group\/elamys_group_circle_blue.png?auto=compress%2Cformat&ixlib=php-3.3.1&s=9438327aaa996e4456fdcb167803dedd\",\"contentUrl\":\"https:\/\/elamys-group.imgix.net\/sites\/16\/elamys-group\/elamys_group_circle_blue.png?auto=compress%2Cformat&ixlib=php-3.3.1&s=9438327aaa996e4456fdcb167803dedd\",\"width\":1006,\"height\":1012,\"caption\":\"El\u00e4mys Group\"},\"image\":{\"@id\":\"https:\/\/elamysgroup.com\/en\/#\/schema\/logo\/image\/\"},\"sameAs\":[\"https:\/\/www.facebook.com\/elamysgroup\"]}]}<\/script>\n<!-- \/ Yoast SEO plugin. -->","yoast_head_json":{"title":"El\u00e4mys Group","description":"El\u00e4mys Group on suomalainen uuden sukupolven matkailukonserni, joka palvelee usealla matkailun osa-alueella urheilu- ja aktiivimatkoista liikematkoihin ja tapahtumaj\u00e4rjest\u00e4miseen.","robots":{"index":"index","follow":"follow","max-snippet":"max-snippet:-1","max-image-preview":"max-image-preview:large","max-video-preview":"max-video-preview:-1"},"canonical":"https:\/\/elamysgroup.com\/en\/","og_locale":"en_US","og_type":"article","og_title":"El\u00e4mys Group","og_description":"El\u00e4mys Group on suomalainen uuden sukupolven matkailukonserni, joka palvelee kuluttaja- ja yritysasiakkaita usealla matkailun osa-alueella urheilu- ja aktiivimatkoista liikematkoihin ja tapahtumaj\u00e4rjest\u00e4miseen.","og_url":"https:\/\/elamysgroup.com\/en\/","og_site_name":"El\u00e4mys Group","article_publisher":"https:\/\/www.facebook.com\/elamysgroup","article_modified_time":"2025-08-12T14:45:31+00:00","og_image":[{"width":750,"height":393,"url":"https:\/\/elamys-group.imgix.net\/sites\/16\/elamys-group\/Elamys_Group_750x.png?auto=compress%2Cformat&ixlib=php-3.3.1&s=bf794d4b93539543e3db8d47403d932c","type":"image\/png"}],"twitter_card":"summary_large_image","twitter_title":"El\u00e4mys Group","twitter_description":"El\u00e4mys Group on suomalainen uuden sukupolven matkailukonserni, joka palvelee kuluttaja- ja yritysasiakkaita usealla matkailun osa-alueella urheilu- ja aktiivimatkoista liikematkoihin ja tapahtumaj\u00e4rjest\u00e4miseen.","twitter_image":"https:\/\/elamys-group.imgix.net\/sites\/16\/elamys-group\/Elamys_Group_750x.png?auto=compress%2Cformat&ixlib=php-3.3.1&s=bf794d4b93539543e3db8d47403d932c","twitter_misc":{"Est. reading time":"9 minutes"},"schema":{"@context":"https:\/\/schema.org","@graph":[{"@type":"WebPage","@id":"https:\/\/elamysgroup.com\/en\/","url":"https:\/\/elamysgroup.com\/en\/","name":"El\u00e4mys Group","isPartOf":{"@id":"https:\/\/elamysgroup.com\/en\/#website"},"datePublished":"2025-03-25T06:11:40+00:00","dateModified":"2025-08-12T14:45:31+00:00","description":"El\u00e4mys Group on suomalainen uuden sukupolven matkailukonserni, joka palvelee usealla matkailun osa-alueella urheilu- ja aktiivimatkoista liikematkoihin ja tapahtumaj\u00e4rjest\u00e4miseen.","breadcrumb":{"@id":"https:\/\/elamysgroup.com\/en\/#breadcrumb"},"inLanguage":"en-US","potentialAction":[{"@type":"ReadAction","target":["https:\/\/elamysgroup.com\/en\/"]}]},{"@type":"BreadcrumbList","@id":"https:\/\/elamysgroup.com\/en\/#breadcrumb","itemListElement":[{"@type":"ListItem","position":1,"name":"Home","item":"https:\/\/elamysgroup.com\/en\/"},{"@type":"ListItem","position":2,"name":"Etusivu"}]},{"@type":"WebSite","@id":"https:\/\/elamysgroup.com\/en\/#website","url":"https:\/\/elamysgroup.com\/en\/","name":"El\u00e4mys Group","description":"El\u00e4mys Group on suomalainen matkailukonserni","publisher":{"@id":"https:\/\/elamysgroup.com\/en\/#organization"},"potentialAction":[{"@type":"SearchAction","target":{"@type":"EntryPoint","urlTemplate":"https:\/\/elamysgroup.com\/en\/?s={search_term_string}"},"query-input":"required name=search_term_string"}],"inLanguage":"en-US"},{"@type":"Organization","@id":"https:\/\/elamysgroup.com\/en\/#organization","name":"El\u00e4mys Group","url":"https:\/\/elamysgroup.com\/en\/","logo":{"@type":"ImageObject","inLanguage":"en-US","@id":"https:\/\/elamysgroup.com\/en\/#\/schema\/logo\/image\/","url":"https:\/\/elamys-group.imgix.net\/sites\/16\/elamys-group\/elamys_group_circle_blue.png?auto=compress%2Cformat&ixlib=php-3.3.1&s=9438327aaa996e4456fdcb167803dedd","contentUrl":"https:\/\/elamys-group.imgix.net\/sites\/16\/elamys-group\/elamys_group_circle_blue.png?auto=compress%2Cformat&ixlib=php-3.3.1&s=9438327aaa996e4456fdcb167803dedd","width":1006,"height":1012,"caption":"El\u00e4mys Group"},"image":{"@id":"https:\/\/elamysgroup.com\/en\/#\/schema\/logo\/image\/"},"sameAs":["https:\/\/www.facebook.com\/elamysgroup"]}]}},"_links":{"self":[{"href":"https:\/\/elamysgroup.com\/en\/wp-json\/wp\/v2\/pages\/7361"}],"collection":[{"href":"https:\/\/elamysgroup.com\/en\/wp-json\/wp\/v2\/pages"}],"about":[{"href":"https:\/\/elamysgroup.com\/en\/wp-json\/wp\/v2\/types\/page"}],"author":[{"embeddable":true,"href":"https:\/\/elamysgroup.com\/en\/wp-json\/wp\/v2\/users\/1"}],"replies":[{"embeddable":true,"href":"https:\/\/elamysgroup.com\/en\/wp-json\/wp\/v2\/comments?post=7361"}],"version-history":[{"count":27,"href":"https:\/\/elamysgroup.com\/en\/wp-json\/wp\/v2\/pages\/7361\/revisions"}],"predecessor-version":[{"id":7460,"href":"https:\/\/elamysgroup.com\/en\/wp-json\/wp\/v2\/pages\/7361\/revisions\/7460"}],"wp:featuredmedia":[{"embeddable":true,"href":"https:\/\/elamysgroup.com\/en\/wp-json\/wp\/v2\/media\/749"}],"wp:attachment":[{"href":"https:\/\/elamysgroup.com\/en\/wp-json\/wp\/v2\/media?parent=7361"}],"curies":[{"name":"wp","href":"https:\/\/api.w.org\/{rel}","templated":true}]}}