{"id":1061,"date":"2022-10-17T10:59:47","date_gmt":"2022-10-17T07:59:47","guid":{"rendered":"https:\/\/dev.elamysgroup.com\/?page_id=1061"},"modified":"2025-02-11T13:00:53","modified_gmt":"2025-02-11T11:00:53","slug":"privacy-policy","status":"publish","type":"page","link":"https:\/\/elamysgroup.com\/en\/privacy-policy\/","title":{"rendered":"Privacy Policy"},"content":{"rendered":"<div id=\"cs-content\" class=\"cs-content\"><\/div>\n","protected":false},"excerpt":{"rendered":"<p>Privacy Policy PRIVACY POLICY (Updated 27.11.2024) Data Controller The data controller is responsible for processing personal data in accordance with the law. This includes ensuring the secure handling of personal data and upholding the rights of data subjects. Milargo Oy Mailing address: H\u00e4meentie 31, 00500 Helsinki Business ID: 0945161-7 Responsible contact person: Aarni Kotilainen tietosuoja@elamysgroup.com Group-wide coverage:\u00a0This privacy policy applies &#8230; <\/p>\n<div><a href=\"https:\/\/elamysgroup.com\/en\/privacy-policy\/\" class=\"more-link\">Read More<\/a><\/div>\n","protected":false},"author":28,"featured_media":194,"parent":0,"menu_order":0,"comment_status":"closed","ping_status":"closed","template":"template-blank-4.php","meta":[],"acf":[],"yoast_head":"<!-- This site is optimized with the Yoast SEO plugin v20.5 - https:\/\/yoast.com\/wordpress\/plugins\/seo\/ -->\n<title>Privacy Policy - El\u00e4mys Group<\/title>\n<meta name=\"description\" content=\"El\u00e4mys Group privacy policy contains information about the use of the customer data and El\u00e4mys Group customer and marketing registry.\" \/>\n<meta name=\"robots\" content=\"index, follow, max-snippet:-1, max-image-preview:large, max-video-preview:-1\" \/>\n<link rel=\"canonical\" href=\"https:\/\/elamysgroup.com\/en\/privacy-policy\/\" \/>\n<meta property=\"og:locale\" content=\"en_US\" \/>\n<meta property=\"og:type\" content=\"article\" \/>\n<meta property=\"og:title\" content=\"Privacy Policy - El\u00e4mys Group\" \/>\n<meta property=\"og:description\" content=\"El\u00e4mys Group privacy policy contains information about the use of the customer data and El\u00e4mys Group customer and marketing registry.\" \/>\n<meta property=\"og:url\" content=\"https:\/\/elamysgroup.com\/en\/privacy-policy\/\" \/>\n<meta property=\"og:site_name\" content=\"El\u00e4mys Group\" \/>\n<meta property=\"article:publisher\" content=\"https:\/\/www.facebook.com\/elamysgroup\" \/>\n<meta property=\"article:modified_time\" content=\"2025-02-11T11:00:53+00:00\" \/>\n<meta property=\"og:image\" content=\"https:\/\/elamys-group.imgix.net\/sites\/16\/elamys-group\/elamys_group_circle_blue_1_500x.png?auto=compressformat&fit=scale&h=300&ixlib=php-3.3.0&w=298&wpsize=medium&s=18f8c7a2f6eba4b4172354357974f2e6\" \/>\n<meta name=\"twitter:card\" content=\"summary_large_image\" \/>\n<meta name=\"twitter:image\" content=\"https:\/\/elamys-group.imgix.net\/sites\/16\/elamys-group\/elamys_group_circle_blue_1_500x.png?auto=compressformat&fit=scale&h=1024&ixlib=php-3.3.0&w=1018&wpsize=large&s=8a60fc14098af971a230bd422e1820b8\" \/>\n<meta name=\"twitter:label1\" content=\"Est. reading time\" \/>\n\t<meta name=\"twitter:data1\" content=\"1 minute\" \/>\n<script type=\"application\/ld+json\" class=\"yoast-schema-graph\">{\"@context\":\"https:\/\/schema.org\",\"@graph\":[{\"@type\":\"WebPage\",\"@id\":\"https:\/\/elamysgroup.com\/en\/privacy-policy\/\",\"url\":\"https:\/\/elamysgroup.com\/en\/privacy-policy\/\",\"name\":\"Privacy Policy - El\u00e4mys Group\",\"isPartOf\":{\"@id\":\"https:\/\/elamysgroup.com\/en\/#website\"},\"datePublished\":\"2022-10-17T07:59:47+00:00\",\"dateModified\":\"2025-02-11T11:00:53+00:00\",\"description\":\"El\u00e4mys Group privacy policy contains information about the use of the customer data and El\u00e4mys Group customer and marketing registry.\",\"breadcrumb\":{\"@id\":\"https:\/\/elamysgroup.com\/en\/privacy-policy\/#breadcrumb\"},\"inLanguage\":\"en-US\",\"potentialAction\":[{\"@type\":\"ReadAction\",\"target\":[\"https:\/\/elamysgroup.com\/en\/privacy-policy\/\"]}]},{\"@type\":\"BreadcrumbList\",\"@id\":\"https:\/\/elamysgroup.com\/en\/privacy-policy\/#breadcrumb\",\"itemListElement\":[{\"@type\":\"ListItem\",\"position\":1,\"name\":\"Home\",\"item\":\"https:\/\/elamysgroup.com\/en\/\"},{\"@type\":\"ListItem\",\"position\":2,\"name\":\"Privacy Policy\"}]},{\"@type\":\"WebSite\",\"@id\":\"https:\/\/elamysgroup.com\/en\/#website\",\"url\":\"https:\/\/elamysgroup.com\/en\/\",\"name\":\"El\u00e4mys Group\",\"description\":\"El\u00e4mys Group on suomalainen matkailukonserni\",\"publisher\":{\"@id\":\"https:\/\/elamysgroup.com\/en\/#organization\"},\"potentialAction\":[{\"@type\":\"SearchAction\",\"target\":{\"@type\":\"EntryPoint\",\"urlTemplate\":\"https:\/\/elamysgroup.com\/en\/?s={search_term_string}\"},\"query-input\":\"required name=search_term_string\"}],\"inLanguage\":\"en-US\"},{\"@type\":\"Organization\",\"@id\":\"https:\/\/elamysgroup.com\/en\/#organization\",\"name\":\"El\u00e4mys Group\",\"url\":\"https:\/\/elamysgroup.com\/en\/\",\"logo\":{\"@type\":\"ImageObject\",\"inLanguage\":\"en-US\",\"@id\":\"https:\/\/elamysgroup.com\/en\/#\/schema\/logo\/image\/\",\"url\":\"https:\/\/elamys-group.imgix.net\/sites\/16\/elamys-group\/elamys_group_circle_blue.png?auto=compress%2Cformat&ixlib=php-3.3.1&s=9438327aaa996e4456fdcb167803dedd\",\"contentUrl\":\"https:\/\/elamys-group.imgix.net\/sites\/16\/elamys-group\/elamys_group_circle_blue.png?auto=compress%2Cformat&ixlib=php-3.3.1&s=9438327aaa996e4456fdcb167803dedd\",\"width\":1006,\"height\":1012,\"caption\":\"El\u00e4mys Group\"},\"image\":{\"@id\":\"https:\/\/elamysgroup.com\/en\/#\/schema\/logo\/image\/\"},\"sameAs\":[\"https:\/\/www.facebook.com\/elamysgroup\"]}]}<\/script>\n<!-- \/ Yoast SEO plugin. -->","yoast_head_json":{"title":"Privacy Policy - El\u00e4mys Group","description":"El\u00e4mys Group privacy policy contains information about the use of the customer data and El\u00e4mys Group customer and marketing registry.","robots":{"index":"index","follow":"follow","max-snippet":"max-snippet:-1","max-image-preview":"max-image-preview:large","max-video-preview":"max-video-preview:-1"},"canonical":"https:\/\/elamysgroup.com\/en\/privacy-policy\/","og_locale":"en_US","og_type":"article","og_title":"Privacy Policy - El\u00e4mys Group","og_description":"El\u00e4mys Group privacy policy contains information about the use of the customer data and El\u00e4mys Group customer and marketing registry.","og_url":"https:\/\/elamysgroup.com\/en\/privacy-policy\/","og_site_name":"El\u00e4mys Group","article_publisher":"https:\/\/www.facebook.com\/elamysgroup","article_modified_time":"2025-02-11T11:00:53+00:00","og_image":[{"url":"https:\/\/elamys-group.imgix.net\/sites\/16\/elamys-group\/elamys_group_circle_blue_1_500x.png?auto=compressformat&fit=scale&h=300&ixlib=php-3.3.0&w=298&wpsize=medium&s=18f8c7a2f6eba4b4172354357974f2e6"}],"twitter_card":"summary_large_image","twitter_image":"https:\/\/elamys-group.imgix.net\/sites\/16\/elamys-group\/elamys_group_circle_blue_1_500x.png?auto=compressformat&fit=scale&h=1024&ixlib=php-3.3.0&w=1018&wpsize=large&s=8a60fc14098af971a230bd422e1820b8","twitter_misc":{"Est. reading time":"1 minute"},"schema":{"@context":"https:\/\/schema.org","@graph":[{"@type":"WebPage","@id":"https:\/\/elamysgroup.com\/en\/privacy-policy\/","url":"https:\/\/elamysgroup.com\/en\/privacy-policy\/","name":"Privacy Policy - El\u00e4mys Group","isPartOf":{"@id":"https:\/\/elamysgroup.com\/en\/#website"},"datePublished":"2022-10-17T07:59:47+00:00","dateModified":"2025-02-11T11:00:53+00:00","description":"El\u00e4mys Group privacy policy contains information about the use of the customer data and El\u00e4mys Group customer and marketing registry.","breadcrumb":{"@id":"https:\/\/elamysgroup.com\/en\/privacy-policy\/#breadcrumb"},"inLanguage":"en-US","potentialAction":[{"@type":"ReadAction","target":["https:\/\/elamysgroup.com\/en\/privacy-policy\/"]}]},{"@type":"BreadcrumbList","@id":"https:\/\/elamysgroup.com\/en\/privacy-policy\/#breadcrumb","itemListElement":[{"@type":"ListItem","position":1,"name":"Home","item":"https:\/\/elamysgroup.com\/en\/"},{"@type":"ListItem","position":2,"name":"Privacy Policy"}]},{"@type":"WebSite","@id":"https:\/\/elamysgroup.com\/en\/#website","url":"https:\/\/elamysgroup.com\/en\/","name":"El\u00e4mys Group","description":"El\u00e4mys Group on suomalainen matkailukonserni","publisher":{"@id":"https:\/\/elamysgroup.com\/en\/#organization"},"potentialAction":[{"@type":"SearchAction","target":{"@type":"EntryPoint","urlTemplate":"https:\/\/elamysgroup.com\/en\/?s={search_term_string}"},"query-input":"required name=search_term_string"}],"inLanguage":"en-US"},{"@type":"Organization","@id":"https:\/\/elamysgroup.com\/en\/#organization","name":"El\u00e4mys Group","url":"https:\/\/elamysgroup.com\/en\/","logo":{"@type":"ImageObject","inLanguage":"en-US","@id":"https:\/\/elamysgroup.com\/en\/#\/schema\/logo\/image\/","url":"https:\/\/elamys-group.imgix.net\/sites\/16\/elamys-group\/elamys_group_circle_blue.png?auto=compress%2Cformat&ixlib=php-3.3.1&s=9438327aaa996e4456fdcb167803dedd","contentUrl":"https:\/\/elamys-group.imgix.net\/sites\/16\/elamys-group\/elamys_group_circle_blue.png?auto=compress%2Cformat&ixlib=php-3.3.1&s=9438327aaa996e4456fdcb167803dedd","width":1006,"height":1012,"caption":"El\u00e4mys Group"},"image":{"@id":"https:\/\/elamysgroup.com\/en\/#\/schema\/logo\/image\/"},"sameAs":["https:\/\/www.facebook.com\/elamysgroup"]}]}},"_links":{"self":[{"href":"https:\/\/elamysgroup.com\/en\/wp-json\/wp\/v2\/pages\/1061"}],"collection":[{"href":"https:\/\/elamysgroup.com\/en\/wp-json\/wp\/v2\/pages"}],"about":[{"href":"https:\/\/elamysgroup.com\/en\/wp-json\/wp\/v2\/types\/page"}],"author":[{"embeddable":true,"href":"https:\/\/elamysgroup.com\/en\/wp-json\/wp\/v2\/users\/28"}],"replies":[{"embeddable":true,"href":"https:\/\/elamysgroup.com\/en\/wp-json\/wp\/v2\/comments?post=1061"}],"version-history":[{"count":21,"href":"https:\/\/elamysgroup.com\/en\/wp-json\/wp\/v2\/pages\/1061\/revisions"}],"predecessor-version":[{"id":7192,"href":"https:\/\/elamysgroup.com\/en\/wp-json\/wp\/v2\/pages\/1061\/revisions\/7192"}],"wp:featuredmedia":[{"embeddable":true,"href":"https:\/\/elamysgroup.com\/en\/wp-json\/wp\/v2\/media\/194"}],"wp:attachment":[{"href":"https:\/\/elamysgroup.com\/en\/wp-json\/wp\/v2\/media?parent=1061"}],"curies":[{"name":"wp","href":"https:\/\/api.w.org\/{rel}","templated":true}]}}